{"id":89,"date":"2022-08-11T03:26:57","date_gmt":"2022-08-11T08:26:57","guid":{"rendered":"https:\/\/paginasrandom.com\/tota\/?page_id=89"},"modified":"2022-08-11T03:26:57","modified_gmt":"2022-08-11T08:26:57","slug":"sobre-esta-pagina","status":"publish","type":"page","link":"https:\/\/paginasrandom.com\/tota\/sobre-esta-pagina\/","title":{"rendered":"Sobre esta p\u00e1gina"},"content":{"rendered":"\n<p>Se construy\u00f3 con amor gracias a Diana y Jos utilizando WordPress.<\/p>\n\n\n\n<p>Aqu\u00ed un tutorial paso a paso que sirve como introducci\u00f3n a la edici\u00f3n de bloques.<\/p>\n\n\n\n<figure class=\"wp-block-embed is-type-video is-provider-youtube wp-block-embed-youtube wp-embed-aspect-16-9 wp-has-aspect-ratio\"><div class=\"wp-block-embed__wrapper\">\n<iframe loading=\"lazy\" title=\"Construye una p\u00e1gina web sin c\u00f3digo con WordPress\" width=\"500\" height=\"281\" src=\"https:\/\/www.youtube.com\/embed\/sRtTjJQlk0I?feature=oembed\" frameborder=\"0\" allow=\"accelerometer; autoplay; clipboard-write; encrypted-media; gyroscope; picture-in-picture; web-share\" referrerpolicy=\"strict-origin-when-cross-origin\" allowfullscreen><\/iframe>\n<\/div><\/figure>\n","protected":false},"excerpt":{"rendered":"<p>Se construy\u00f3 con amor gracias a Diana y Jos utilizando WordPress. Aqu\u00ed un tutorial paso a paso que sirve como introducci\u00f3n a la edici\u00f3n de bloques.<\/p>\n","protected":false},"author":1,"featured_media":0,"parent":0,"menu_order":0,"comment_status":"closed","ping_status":"closed","template":"","meta":{"footnotes":""},"class_list":["post-89","page","type-page","status-publish","hentry"],"_links":{"self":[{"href":"https:\/\/paginasrandom.com\/tota\/wp-json\/wp\/v2\/pages\/89","targetHints":{"allow":["GET"]}}],"collection":[{"href":"https:\/\/paginasrandom.com\/tota\/wp-json\/wp\/v2\/pages"}],"about":[{"href":"https:\/\/paginasrandom.com\/tota\/wp-json\/wp\/v2\/types\/page"}],"author":[{"embeddable":true,"href":"https:\/\/paginasrandom.com\/tota\/wp-json\/wp\/v2\/users\/1"}],"replies":[{"embeddable":true,"href":"https:\/\/paginasrandom.com\/tota\/wp-json\/wp\/v2\/comments?post=89"}],"version-history":[{"count":1,"href":"https:\/\/paginasrandom.com\/tota\/wp-json\/wp\/v2\/pages\/89\/revisions"}],"predecessor-version":[{"id":90,"href":"https:\/\/paginasrandom.com\/tota\/wp-json\/wp\/v2\/pages\/89\/revisions\/90"}],"wp:attachment":[{"href":"https:\/\/paginasrandom.com\/tota\/wp-json\/wp\/v2\/media?parent=89"}],"curies":[{"name":"wp","href":"https:\/\/api.w.org\/{rel}","templated":true}]}}