{"id":72,"date":"2022-08-11T03:10:07","date_gmt":"2022-08-11T08:10:07","guid":{"rendered":"https:\/\/paginasrandom.com\/tota\/?page_id=72"},"modified":"2022-08-11T03:10:07","modified_gmt":"2022-08-11T08:10:07","slug":"blog","status":"publish","type":"page","link":"https:\/\/paginasrandom.com\/tota\/blog\/","title":{"rendered":"Blog"},"content":{"rendered":"\n<div class=\"wp-block-group alignwide is-layout-flow wp-block-group-is-layout-flow\">\n<div class=\"wp-block-query is-layout-flow wp-block-query-is-layout-flow\"><ul class=\"is-flex-container columns-3 wp-block-post-template is-layout-flow wp-block-post-template-is-layout-flow\"><li class=\"wp-block-post post-15 post type-post status-publish format-standard has-post-thumbnail hentry category-uncategorized\">\n<figure style=\"height:310px;\" class=\"wp-block-post-featured-image\"><a href=\"https:\/\/paginasrandom.com\/tota\/un-dia-en-mi-vida\/\" target=\"_self\"  style=\"height:310px\"><img loading=\"lazy\" decoding=\"async\" width=\"1356\" height=\"1374\" src=\"https:\/\/paginasrandom.com\/tota\/wp-content\/uploads\/2022\/08\/en-el-jardin.jpg\" class=\"attachment-post-thumbnail size-post-thumbnail wp-post-image\" alt=\"Un d\u00eda en mi vida\" style=\"height:310px;object-fit:cover;\" srcset=\"https:\/\/paginasrandom.com\/tota\/wp-content\/uploads\/2022\/08\/en-el-jardin.jpg 1356w, https:\/\/paginasrandom.com\/tota\/wp-content\/uploads\/2022\/08\/en-el-jardin-296x300.jpg 296w, https:\/\/paginasrandom.com\/tota\/wp-content\/uploads\/2022\/08\/en-el-jardin-1011x1024.jpg 1011w, https:\/\/paginasrandom.com\/tota\/wp-content\/uploads\/2022\/08\/en-el-jardin-768x778.jpg 768w\" sizes=\"auto, (max-width: 1356px) 100vw, 1356px\" \/><\/a><\/figure>\n\n<h2 class=\"wp-block-post-title has-large-font-size\"><a href=\"https:\/\/paginasrandom.com\/tota\/un-dia-en-mi-vida\/\" target=\"_self\" >Un d\u00eda en mi vida<\/a><\/h2>\n\n<div class=\"wp-block-post-excerpt\"><p class=\"wp-block-post-excerpt__excerpt\">Jos y Diana despiertan temprano a hacer ejercicio, yo nom\u00e1s los veo desde una de mis camitas pero a veces su entusiasmo me pone feliz y quiero atenci\u00f3n. Si est\u00e1n en el suelo aprovecho para llenarles las caras de besos. A veces Jos alcanza a sobarme la cabeza entre desplantes. Cuando terminan la sesi\u00f3n es&hellip; <\/p><\/div>\n\n<div class=\"wp-block-post-date has-small-font-size\"><time datetime=\"2022-08-10T15:26:36-05:00\">agosto 10, 2022<\/time><\/div>\n<\/li><\/ul><\/div>\n<\/div>\n","protected":false},"excerpt":{"rendered":"","protected":false},"author":1,"featured_media":0,"parent":0,"menu_order":0,"comment_status":"closed","ping_status":"closed","template":"","meta":{"footnotes":""},"class_list":["post-72","page","type-page","status-publish","hentry"],"_links":{"self":[{"href":"https:\/\/paginasrandom.com\/tota\/wp-json\/wp\/v2\/pages\/72","targetHints":{"allow":["GET"]}}],"collection":[{"href":"https:\/\/paginasrandom.com\/tota\/wp-json\/wp\/v2\/pages"}],"about":[{"href":"https:\/\/paginasrandom.com\/tota\/wp-json\/wp\/v2\/types\/page"}],"author":[{"embeddable":true,"href":"https:\/\/paginasrandom.com\/tota\/wp-json\/wp\/v2\/users\/1"}],"replies":[{"embeddable":true,"href":"https:\/\/paginasrandom.com\/tota\/wp-json\/wp\/v2\/comments?post=72"}],"version-history":[{"count":1,"href":"https:\/\/paginasrandom.com\/tota\/wp-json\/wp\/v2\/pages\/72\/revisions"}],"predecessor-version":[{"id":73,"href":"https:\/\/paginasrandom.com\/tota\/wp-json\/wp\/v2\/pages\/72\/revisions\/73"}],"wp:attachment":[{"href":"https:\/\/paginasrandom.com\/tota\/wp-json\/wp\/v2\/media?parent=72"}],"curies":[{"name":"wp","href":"https:\/\/api.w.org\/{rel}","templated":true}]}}