{"id":12,"date":"2022-08-10T15:23:00","date_gmt":"2022-08-10T20:23:00","guid":{"rendered":"https:\/\/paginasrandom.com\/tota\/?page_id=12"},"modified":"2022-08-11T03:29:54","modified_gmt":"2022-08-11T08:29:54","slug":"bio","status":"publish","type":"page","link":"https:\/\/paginasrandom.com\/tota\/bio\/","title":{"rendered":"Bio"},"content":{"rendered":"\n<figure class=\"wp-block-image size-large\"><img loading=\"lazy\" decoding=\"async\" width=\"1024\" height=\"1012\" src=\"https:\/\/paginasrandom.com\/tota\/wp-content\/uploads\/2022\/08\/soba-cabeza-1-1024x1012.jpg\" alt=\"\" class=\"wp-image-36\" srcset=\"https:\/\/paginasrandom.com\/tota\/wp-content\/uploads\/2022\/08\/soba-cabeza-1-1024x1012.jpg 1024w, https:\/\/paginasrandom.com\/tota\/wp-content\/uploads\/2022\/08\/soba-cabeza-1-300x296.jpg 300w, https:\/\/paginasrandom.com\/tota\/wp-content\/uploads\/2022\/08\/soba-cabeza-1-768x759.jpg 768w, https:\/\/paginasrandom.com\/tota\/wp-content\/uploads\/2022\/08\/soba-cabeza-1.jpg 1364w\" sizes=\"auto, (max-width: 1024px) 100vw, 1024px\" \/><figcaption>Tota siendo sobada<\/figcaption><\/figure>\n\n\n\n<blockquote class=\"wp-block-quote is-layout-flow wp-block-quote-is-layout-flow\"><p>Soy muy dulce. Jos dice que cuando me soban me convierto en \u201cmantequilla de perro\u201d. Diana dice que soy puro amor. Que soy un pan.&nbsp;<\/p><cite>Tota<\/cite><\/blockquote>\n\n\n\n<p>Mi nombre es Tota. Soy una de las dos compa\u00f1eras de vida de Jos Velasco y Diana Mart\u00edn. Ellos vieron mi foto en las redes sociales un d\u00eda de Febrero de 2014 y se enamoraron de mis ojitos. Fui liberada de una vida de maltrato y abandono en las calles por una valiente mujer rescatista. Pas\u00e9 por el protocolo de vacunas y esterilizaci\u00f3n.<\/p>\n\n\n\n<p>Cuando llegu\u00e9 a casa de Jos y Diana, la cicatriz de esta \u00faltima a\u00fan estaba fresca en mi pancita. Al igual que el trauma y el terror. Ese d\u00eda me escap\u00e9 pero ellos me buscaron sin descanso, un vigilante de un coto me vio y me resguard\u00f3 hasta que Diana y Jos dieron conmigo.<\/p>\n\n\n\n<p>Desde ese d\u00eda mi coraz\u00f3n empez\u00f3 a sanar a base de puro amor, comidita rica y muchas caricias. Tengo ocho a\u00f1os siendo parte de esta familia, soy una perrita sana, feliz (euf\u00f3rica en ratos) no me canso de pedir cari\u00f1o ni de darlo, soy una besucona profesional, una acompa\u00f1ante, una gran tragoncilla. Quiero estar con ellos y mi hermanita siempre. Encontr\u00e9 y fui encontrada, el circuito del amor se ha completado.&nbsp;<\/p>\n\n\n\n<h2 class=\"wp-block-heading\">Stats<\/h2>\n\n\n\n<div class=\"wp-block-columns alignwide is-layout-flex wp-container-core-columns-is-layout-3f163562 wp-block-columns-is-layout-flex\" style=\"border-radius:18px;border-style:dashed;border-width:1px;margin-bottom:60px;padding-top:30px;padding-right:30px;padding-bottom:30px;padding-left:30px\">\n<div class=\"wp-block-column is-layout-flow wp-block-column-is-layout-flow\">\n<ul class=\"wp-block-list\" id=\"block-de65df82-0b04-4ccd-a192-a9d00b5c5be1\"><li><strong>Nombre:<\/strong> Tota<\/li><li><strong>M\u00e1s nombres:<\/strong> To, Totilla, Choq, Choquitor, Bei, Hermochoq, Toti, Dorke.&nbsp;<\/li><li><strong>Peso:<\/strong> 9 kilos de amor y pelitos.<\/li><li><strong>Raza:<\/strong> Mestiza<\/li><\/ul>\n<\/div>\n\n\n\n<div class=\"wp-block-column is-layout-flow wp-block-column-is-layout-flow\">\n<ul class=\"wp-block-list\" id=\"block-de65df82-0b04-4ccd-a192-a9d00b5c5be1\"><li><strong>Edad:<\/strong> 9 a\u00f1os.<\/li><li><strong>Ojos:<\/strong> Caf\u00e9 chocolate.&nbsp;<\/li><li><strong>Patitas:<\/strong> De u\u00f1as negras con almohadillas negras.<\/li><li><strong>Color:<\/strong> Pelaje negro tinta con una peque\u00f1\u00edsima manchita blanca en el pecho.<\/li><\/ul>\n<\/div>\n<\/div>\n\n\n\n<figure class=\"wp-block-image size-large\"><img loading=\"lazy\" decoding=\"async\" width=\"1018\" height=\"1024\" src=\"https:\/\/paginasrandom.com\/tota\/wp-content\/uploads\/2022\/08\/disfrutando-1018x1024.jpg\" alt=\"\" class=\"wp-image-24\" srcset=\"https:\/\/paginasrandom.com\/tota\/wp-content\/uploads\/2022\/08\/disfrutando-1018x1024.jpg 1018w, https:\/\/paginasrandom.com\/tota\/wp-content\/uploads\/2022\/08\/disfrutando-298x300.jpg 298w, https:\/\/paginasrandom.com\/tota\/wp-content\/uploads\/2022\/08\/disfrutando-150x150.jpg 150w, https:\/\/paginasrandom.com\/tota\/wp-content\/uploads\/2022\/08\/disfrutando-768x772.jpg 768w, https:\/\/paginasrandom.com\/tota\/wp-content\/uploads\/2022\/08\/disfrutando.jpg 1366w\" sizes=\"auto, (max-width: 1018px) 100vw, 1018px\" \/><\/figure>\n\n\n\n<h2 class=\"wp-block-heading\">Preguntas frecuentes<\/h2>\n\n\n\n<h3 class=\"wp-block-heading\">\u00bfQu\u00e9 es lo que m\u00e1s te gusta comer Tota?<\/h3>\n\n\n\n<p>Principalmente como mis croquetas pero adoro el pollo, la carnita asada (siempre que Jos asa carne en el asador, soy su compa\u00f1era inseparable, todo huele delicioso ) y \u00faltimamente me encanta tambi\u00e9n la cecina.&nbsp;<\/p>\n\n\n\n<h3 class=\"wp-block-heading\">\u00bfC\u00f3mo eres Tota con desconocidos?<\/h3>\n\n\n\n<p>Soy muy t\u00edmida. Toma tiempo que te ganes mi confianza. Un pedacito de jam\u00f3n ayuda.&nbsp;<\/p>\n\n\n\n<h3 class=\"wp-block-heading\">\u00bfD\u00f3nde duermes?<\/h3>\n\n\n\n<p>Tengo cuatro camitas por toda la casa, m\u00e1s el sill\u00f3n y la cama de Diana y Jos que es mi cama tambi\u00e9n. Amo echarme al sol en el jard\u00edn.&nbsp;<\/p>\n\n\n\n<h3 class=\"wp-block-heading\">\u00bfTienes alg\u00fan consejo para rehabilitar perritos muy afectados por el maltrato?<\/h3>\n\n\n\n<p>Much\u00edsima paciencia y amor. No desesperarse con nosotros, somos un g\u00e9iser de amor a punto de ocurrir, s\u00f3lo no nos grites, no nos presiones y eventualmente seremos como el sol asom\u00e1ndose entre las nubes.<\/p>\n\n\n\n<figure class=\"wp-block-image size-large\"><img loading=\"lazy\" decoding=\"async\" width=\"1024\" height=\"1016\" src=\"https:\/\/paginasrandom.com\/tota\/wp-content\/uploads\/2022\/08\/tota-1024x1016.jpg\" alt=\"\" class=\"wp-image-21\" srcset=\"https:\/\/paginasrandom.com\/tota\/wp-content\/uploads\/2022\/08\/tota-1024x1016.jpg 1024w, https:\/\/paginasrandom.com\/tota\/wp-content\/uploads\/2022\/08\/tota-300x298.jpg 300w, https:\/\/paginasrandom.com\/tota\/wp-content\/uploads\/2022\/08\/tota-150x150.jpg 150w, https:\/\/paginasrandom.com\/tota\/wp-content\/uploads\/2022\/08\/tota-768x762.jpg 768w, https:\/\/paginasrandom.com\/tota\/wp-content\/uploads\/2022\/08\/tota.jpg 1364w\" sizes=\"auto, (max-width: 1024px) 100vw, 1024px\" \/><\/figure>\n\n\n\n<h2 class=\"wp-block-heading\">Juguetes<\/h2>\n\n\n\n<p>Tengo varios juguetes pero mi favorito es un pan tostado de peluche que cuando lo aplastas suena. Me lo trajeron de muy lejos. Tambi\u00e9n tengo un pollo de trapo, una estrella y un mu\u00f1eco negro todo remendado.&nbsp;<\/p>\n\n\n\n<p>Tengo mi camita llena de hoyos. Me agarra la emoci\u00f3n y la escarbo. Diana cierra los agujeros a puntadas.&nbsp;<\/p>\n\n\n\n<p>Tambi\u00e9n entre mi hermana y yo hemos abierto un hoyo en mi jard\u00edn. Es trabajo honesto.<\/p>\n","protected":false},"excerpt":{"rendered":"<p>Soy muy dulce. Jos dice que cuando me soban me convierto en \u201cmantequilla de perro\u201d. Diana dice que soy puro amor. Que soy un pan.&nbsp; Tota Mi nombre es Tota. Soy una de las dos compa\u00f1eras de vida de Jos Velasco y Diana Mart\u00edn. Ellos vieron mi foto en las redes sociales un d\u00eda de [&hellip;]<\/p>\n","protected":false},"author":1,"featured_media":0,"parent":0,"menu_order":0,"comment_status":"closed","ping_status":"closed","template":"","meta":{"footnotes":""},"class_list":["post-12","page","type-page","status-publish","hentry"],"_links":{"self":[{"href":"https:\/\/paginasrandom.com\/tota\/wp-json\/wp\/v2\/pages\/12","targetHints":{"allow":["GET"]}}],"collection":[{"href":"https:\/\/paginasrandom.com\/tota\/wp-json\/wp\/v2\/pages"}],"about":[{"href":"https:\/\/paginasrandom.com\/tota\/wp-json\/wp\/v2\/types\/page"}],"author":[{"embeddable":true,"href":"https:\/\/paginasrandom.com\/tota\/wp-json\/wp\/v2\/users\/1"}],"replies":[{"embeddable":true,"href":"https:\/\/paginasrandom.com\/tota\/wp-json\/wp\/v2\/comments?post=12"}],"version-history":[{"count":10,"href":"https:\/\/paginasrandom.com\/tota\/wp-json\/wp\/v2\/pages\/12\/revisions"}],"predecessor-version":[{"id":93,"href":"https:\/\/paginasrandom.com\/tota\/wp-json\/wp\/v2\/pages\/12\/revisions\/93"}],"wp:attachment":[{"href":"https:\/\/paginasrandom.com\/tota\/wp-json\/wp\/v2\/media?parent=12"}],"curies":[{"name":"wp","href":"https:\/\/api.w.org\/{rel}","templated":true}]}}