{"id":1471,"date":"2019-07-17T10:17:30","date_gmt":"2019-07-17T15:17:30","guid":{"rendered":"https:\/\/paginasrandom.com\/impetuosa\/?post_type=product&#038;p=1471"},"modified":"2019-09-11T19:31:23","modified_gmt":"2019-09-12T00:31:23","slug":"platica-presencia-en-internet-para-escritores","status":"publish","type":"product","link":"https:\/\/paginasrandom.com\/impetuosa\/producto\/platica-presencia-en-internet-para-escritores\/","title":{"rendered":"Pl\u00e1tica Presencia en internet para escritores"},"content":{"rendered":"<h2>TEMARIO<\/h2>\n<p>Identificar objetivos: \u00bfPara qu\u00e9 estoy en internet? \u00bfC\u00f3mo puedo difundir mi trabajo como escritor en la red? \u00bfOfrezco alg\u00fan servicio o producto (libro, revista, blog)? \u00bfPuedo desarrollar algo m\u00e1s? \u00bfQui\u00e9nes son mis clientes? (editoriales, lectores, suscriptores, patrocinadores, mecenas)<\/p>\n<p>\u00bfQu\u00e9 aplicaciones puedo usar para medir mi progreso en seguimiento a mis proyectos \/ clientes \/ lectores?: Google Docs, medici\u00f3n de estad\u00edsticas (sitio web\/ fb), Google Trends, Google Alerts.<\/p>\n<p>Administraci\u00f3n del tiempo. \u00bfC\u00f3mo actualizar las redes sin estar atados a ellas?<\/p>\n<p>Los derechos de autor y la red.<\/p>\n<p>\u00bfC\u00f3mo aprovechar recursos como las rese\u00f1as, la administraci\u00f3n de una p\u00e1gina de tu proyecto en FB y otras herramientas para promover la lectura de tu obra?<\/p>\n<p>Permitir que la gente pague por el arte.<\/p>\n<p>Generar p\u00fablico: tiempo, constancia, contenido y presentaciones.<\/p>\n<p>El vomitadero: los grupos de fb y su sentido o sinsentido.<\/p>\n<p>Canva y Aviary: Editores visuales para apoyar tu difusi\u00f3n de texto.<\/p>\n<p>Mecenazgo: apoyos del estado, micromecenazgo en redes.<\/p>\n<p>Concursos: c\u00f3mo funcionan, qu\u00e9 esperar, p\u00e1ginas que compilan convocatorias y c\u00f3mo estar al pendiente de ellas.<\/p>\n<p>El plan B: hacer aquello que te da dinero \/ proyectos comerciales alternos.<\/p>\n<h2>BENEFICIOS<\/h2>\n<p>Acceso al video de tres horas de contenidos, para ver a tu ritmo, las veces que quieras.<\/p>\n<p>Acceso al grupo privado de seguimiento en Facebook donde constantemente compartimos material, damos retroalimentaci\u00f3n de tus proyectos y contin\u00faa la discusi\u00f3n.<\/p>\n<h2>FACILITADORES<\/h2>\n<p>Cecilia Maga\u00f1a: Naci\u00f3 en la Ciudad de M\u00e9xico en 1978 y ha vivido en Guadalajara desde los diez a\u00f1os. Estudi\u00f3 psicolog\u00eda. Ha sido editora de revistas y guionista. Recibi\u00f3 el Premio Nacional de Literatura Gilberto Owen 2010, por el libro La cabeza decapitada (Arlequ\u00edn, 2012) y el Premio Bellas Artes Juan Rulfo para Primera Novela por el libro Principio de Incertidumbre (2014). Becaria del programa de J\u00f3venes Creadores del FONCA (generaci\u00f3n 2013-2014). Particip\u00f3 en las antolog\u00edas Lados B. Narrativa de alto riesgo 2015. Mujeres (Nitro\/Press, 2015) y R\u00edo entre las piedras. Guadalajara como espacio narrativo (Para\u00edso Perdido, 2015). Todos los ruidos del mundo (Para\u00edso Perdido, 2016) es su libro m\u00e1s reciente.<\/p>\n<p>Jos Velasco (Guadalajara, 1985) es desarrollador web especialista en WordPress. Es Ingeniero en Sistemas Computacionales egresado del ITESO y dirige el sitio Frases de la pel\u00edcula, desarrolla la revista Replicante y coordina la Diana Martin Gallery. Ocasionalmente colabora para la revista Magis. Es el fundador de la red de proyectos culturales impetuosa. Sus proyectos preferidos son las revistas electr\u00f3nicas y las bases de datos que tengan que ver con el cine y la cultura. Fue facilitador del Diplomado en Comunicaci\u00f3n Digital del ITESO y asesor en el Encuentro Internacional de Revistas Culturales en Quer\u00e9taro.<\/p>\n","protected":false},"excerpt":{"rendered":"<p>En impetuosa ponemos al alcance de los futuros y actuales escritores y carreras creativas, las herramientas para desarrollar su presencia en internet y actualizarse sobre temas de inter\u00e9s. Este video es el resultado de un a\u00f1o de sesiones presenciales con distintos escritores de Guadalajara.<\/p>\n","protected":false},"featured_media":1005,"template":"","meta":{"_acf_changed":false,"_ppp_document_settings_meta":"","_links_to":"","_links_to_target":""},"product_brand":[],"product_cat":[181],"product_tag":[],"class_list":{"0":"post-1471","1":"product","2":"type-product","3":"status-publish","4":"has-post-thumbnail","6":"product_cat-digitales","8":"first","9":"instock","10":"sale","11":"downloadable","12":"virtual","13":"sold-individually","14":"purchasable","15":"product-type-simple"},"acf":[],"_links":{"self":[{"href":"https:\/\/paginasrandom.com\/impetuosa\/wp-json\/wp\/v2\/product\/1471","targetHints":{"allow":["GET"]}}],"collection":[{"href":"https:\/\/paginasrandom.com\/impetuosa\/wp-json\/wp\/v2\/product"}],"about":[{"href":"https:\/\/paginasrandom.com\/impetuosa\/wp-json\/wp\/v2\/types\/product"}],"wp:featuredmedia":[{"embeddable":true,"href":"https:\/\/paginasrandom.com\/impetuosa\/wp-json\/wp\/v2\/media\/1005"}],"wp:attachment":[{"href":"https:\/\/paginasrandom.com\/impetuosa\/wp-json\/wp\/v2\/media?parent=1471"}],"wp:term":[{"taxonomy":"product_brand","embeddable":true,"href":"https:\/\/paginasrandom.com\/impetuosa\/wp-json\/wp\/v2\/product_brand?post=1471"},{"taxonomy":"product_cat","embeddable":true,"href":"https:\/\/paginasrandom.com\/impetuosa\/wp-json\/wp\/v2\/product_cat?post=1471"},{"taxonomy":"product_tag","embeddable":true,"href":"https:\/\/paginasrandom.com\/impetuosa\/wp-json\/wp\/v2\/product_tag?post=1471"}],"curies":[{"name":"wp","href":"https:\/\/api.w.org\/{rel}","templated":true}]}}