{"id":1435,"date":"2019-07-14T09:26:05","date_gmt":"2019-07-14T14:26:05","guid":{"rendered":"https:\/\/paginasrandom.com\/impetuosa\/mi-cuenta\/"},"modified":"2019-07-24T14:21:25","modified_gmt":"2019-07-24T19:21:25","slug":"mi-cuenta","status":"publish","type":"page","link":"https:\/\/paginasrandom.com\/impetuosa\/mi-cuenta\/","title":{"rendered":"Mi cuenta"},"content":{"rendered":"<div class=\"woocommerce\"><\/div>\n\n\n\n<h2 class=\"wp-block-heading\">Productos disponibles en <em>impetuosa<\/em><\/h2>\n\n\n\n<ul class=\"wp-block-list\"><li><a href=\"https:\/\/paginasrandom.com\/impetuosa\/libro-de-cuentos-fabula-rasa-por-jose-perez\/\">Libro de cuentos F\u00e1bula rasa por Jos\u00e9 P\u00e9rez<\/a><\/li><li><a href=\"https:\/\/paginasrandom.com\/impetuosa\/producto\/platica-presencia-en-internet-para-escritores\/\">Pl\u00e1tica Presencia en internet para escritores<\/a><\/li><li><a href=\"https:\/\/paginasrandom.com\/impetuosa\/un-par-de-fanzines-de-lizeis\/\">Un par de Fanzines de Lizeis<\/a><\/li><\/ul>\n\n\n\n<p><\/p>\n","protected":false},"excerpt":{"rendered":"<p>Productos disponibles en impetuosa Libro de cuentos F\u00e1bula rasa por Jos\u00e9 P\u00e9rez Pl\u00e1tica Presencia en internet para escritores Un par de Fanzines de Lizeis<\/p>\n","protected":false},"author":1,"featured_media":0,"parent":0,"menu_order":0,"comment_status":"closed","ping_status":"closed","template":"","meta":{"_acf_changed":false,"_ppp_document_settings_meta":"","footnotes":"","_links_to":"","_links_to_target":""},"class_list":["post-1435","page","type-page","status-publish","hentry"],"acf":[],"_links":{"self":[{"href":"https:\/\/paginasrandom.com\/impetuosa\/wp-json\/wp\/v2\/pages\/1435","targetHints":{"allow":["GET"]}}],"collection":[{"href":"https:\/\/paginasrandom.com\/impetuosa\/wp-json\/wp\/v2\/pages"}],"about":[{"href":"https:\/\/paginasrandom.com\/impetuosa\/wp-json\/wp\/v2\/types\/page"}],"author":[{"embeddable":true,"href":"https:\/\/paginasrandom.com\/impetuosa\/wp-json\/wp\/v2\/users\/1"}],"replies":[{"embeddable":true,"href":"https:\/\/paginasrandom.com\/impetuosa\/wp-json\/wp\/v2\/comments?post=1435"}],"version-history":[{"count":0,"href":"https:\/\/paginasrandom.com\/impetuosa\/wp-json\/wp\/v2\/pages\/1435\/revisions"}],"wp:attachment":[{"href":"https:\/\/paginasrandom.com\/impetuosa\/wp-json\/wp\/v2\/media?parent=1435"}],"curies":[{"name":"wp","href":"https:\/\/api.w.org\/{rel}","templated":true}]}}